{"id":498,"date":"2026-04-22T17:01:24","date_gmt":"2026-04-22T17:01:24","guid":{"rendered":"https:\/\/pinturaschemicoat.com\/politica-de-privadesa-i-proteccio-de-dades\/"},"modified":"2026-05-05T09:13:31","modified_gmt":"2026-05-05T09:13:31","slug":"politica-de-privadesa-i-proteccio-de-dades","status":"publish","type":"page","link":"https:\/\/pinturaschemicoat.com\/ca\/politica-de-privadesa-i-proteccio-de-dades\/","title":{"rendered":"Pol\u00edtica de privadesa i protecci\u00f3 de dades"},"content":{"rendered":"\t\t<div data-elementor-type=\"wp-page\" data-elementor-id=\"498\" class=\"elementor elementor-498 elementor-252\" data-elementor-post-type=\"page\">\n\t\t\t\t<div class=\"elementor-element elementor-element-9313e1e e-flex e-con-boxed e-con e-parent\" data-id=\"9313e1e\" data-element_type=\"container\" data-e-type=\"container\">\n\t\t\t\t\t<div class=\"e-con-inner\">\n\t\t\t\t<div class=\"elementor-element elementor-element-1524842d elementor-widget elementor-widget-text-editor\" data-id=\"1524842d\" data-element_type=\"widget\" data-e-type=\"widget\" data-widget_type=\"text-editor.default\">\n\t\t\t\t\t\t\t\t\t<h1 data-section-id=\"6ya7oj\" data-start=\"2408\" data-end=\"2461\"><span role=\"text\"><strong data-start=\"2413\" data-end=\"2461\">Pol\u00edtica de Privadesa i Protecci\u00f3 de Dades<\/strong><\/span><\/h1><p data-start=\"2463\" data-end=\"2494\"><strong data-start=\"2463\" data-end=\"2494\">Responsable del Tractament<\/strong><\/p><ul data-start=\"2496\" data-end=\"2727\"><li data-section-id=\"fz3qia\" data-start=\"2496\" data-end=\"2529\">Responsable: CHEMICOAT SL<\/li><li data-section-id=\"1fil9o0\" data-start=\"2530\" data-end=\"2552\"><strong data-start=\"2532\" data-end=\"2539\">NIF<\/strong>: B60918034<\/li><li data-section-id=\"ng17db\" data-start=\"2553\" data-end=\"2672\">Domicili: c\/ Font del Cusc\u00f3, 1, Pol. Ind. Estaci\u00f3 Mercaderies, 08720 Vilafranca del Pened\u00e8s, Barcelona, \u200b\u200bEspanya  <\/li><li data-section-id=\"dh7qgx\" data-start=\"2673\" data-end=\"2727\">Adre\u00e7a electr\u00f3nica: <a class=\"decorated-link cursor-pointer\" rel=\"noopener\" data-start=\"2699\" data-end=\"2725\">info@pinturaschemicoat.com<\/a><\/li><\/ul><h2 data-section-id=\"8nl98q\" data-start=\"2734\" data-end=\"2766\"><span role=\"text\"><strong data-start=\"2737\" data-end=\"2766\">Finalitat del Tractament<\/strong><\/span><\/h2><p data-start=\"2768\" data-end=\"2862\">Les dades personals facilitades per l&#8217;usuari seran tractades amb les finalitats seg\u00fcents:<\/p><ul data-start=\"2864\" data-end=\"3109\"><li data-section-id=\"10npkfy\" data-start=\"2864\" data-end=\"2916\">Gestionar sol\u00b7licituds dinformaci\u00f3 o contacte.<\/li><li data-section-id=\"1t2kx1\" data-start=\"2917\" data-end=\"2962\">Atendre consultes t\u00e8cniques o comercials.<\/li><li data-section-id=\"m6fdso\" data-start=\"2963\" data-end=\"3027\">Gestionar relacions comercials amb clients i prove\u00efdors.<\/li><li data-section-id=\"1nylrit\" data-start=\"3028\" data-end=\"3109\">Enviar comunicacions comercials, sempre que hi hagi consentiment expr\u00e9s.<\/li><\/ul><h2 data-section-id=\"1ifuxso\" data-start=\"3116\" data-end=\"3149\"><span role=\"text\"><strong data-start=\"3119\" data-end=\"3149\">Base Legal del Tractament<\/strong><\/span><\/h2><p data-start=\"3151\" data-end=\"3190\">El tractament de les dades es basa en:<\/p><ul data-start=\"3192\" data-end=\"3331\"><li data-section-id=\"16nlr1z\" data-start=\"3192\" data-end=\"3226\">El consentiment de l&#8217;usuari.<\/li><li data-section-id=\"1ei1nr7\" data-start=\"3227\" data-end=\"3286\">L&#8217;execuci\u00f3 dun contracte o mesures precontractuals.<\/li><li data-section-id=\"1ayk2wi\" data-start=\"3287\" data-end=\"3331\">El compliment de les obligacions legals.<\/li><\/ul><h2 data-section-id=\"esca1r\" data-start=\"3338\" data-end=\"3370\"><span role=\"text\"><strong data-start=\"3341\" data-end=\"3370\">Conservaci\u00f3 de les Dades<\/strong><\/span><\/h2><p data-start=\"3372\" data-end=\"3408\">Les dades personals es conservaran:<\/p><ul data-start=\"3410\" data-end=\"3599\"><li data-section-id=\"1wtb5mp\" data-start=\"3410\" data-end=\"3457\">Mentre es mantingui la relaci\u00f3 comercial.<\/li><li data-section-id=\"rtzh57\" data-start=\"3458\" data-end=\"3524\">Durant el temps necessari per complir obligacions legals.<\/li><li data-section-id=\"twzx53\" data-start=\"3525\" data-end=\"3599\">Posteriorment, bloquejats durant els terminis legalment establerts.<\/li><\/ul><h2 data-section-id=\"xpi6fr\" data-start=\"3606\" data-end=\"3626\"><span role=\"text\"><strong data-start=\"3609\" data-end=\"3626\">Destinataris<\/strong><\/span><\/h2><p data-start=\"3628\" data-end=\"3666\">No se cediran dades a tercers, excepte:<\/p><ul data-start=\"3668\" data-end=\"3778\"><li data-section-id=\"1pn9kvw\" data-start=\"3668\" data-end=\"3689\">Obligaci\u00f3 legal.<\/li><li data-section-id=\"1hiqy6p\" data-start=\"3690\" data-end=\"3778\">Necessitat per a la prestaci\u00f3 de serveis (prove\u00efdors tecnol\u00f2gics, hosting, etc.).<\/li><\/ul><h2 data-section-id=\"1unz23z\" data-start=\"3785\" data-end=\"3812\"><span role=\"text\"><strong data-start=\"3788\" data-end=\"3812\">Drets de l&#8217;Usuari<\/strong><\/span><\/h2><p data-start=\"3814\" data-end=\"3855\">L&#8217;usuari pot exercir els seus drets de:<\/p><ul data-start=\"3857\" data-end=\"3961\"><li data-section-id=\"1fhetdc\" data-start=\"3857\" data-end=\"3867\">Acceso<\/li><li data-section-id=\"mtnxbv\" data-start=\"3868\" data-end=\"3885\">Rectificaci\u00f3<\/li><li data-section-id=\"11eu58u\" data-start=\"3886\" data-end=\"3899\">Supressi\u00f3<\/li><li data-section-id=\"1jlf8b9\" data-start=\"3900\" data-end=\"3913\">Opossici\u00f3<\/li><li data-section-id=\"h4f20w\" data-start=\"3914\" data-end=\"3944\">Limitaci\u00f3 del tractament<\/li><li data-section-id=\"2c3vbz\" data-start=\"3945\" data-end=\"3961\">Portabilitat<\/li><\/ul><p data-start=\"3963\" data-end=\"3993\">mitjan\u00e7ant sol\u00b7licitud adre\u00e7ada a:<\/p><p data-start=\"3995\" data-end=\"4138\"><strong data-start=\"3998\" data-end=\"4028\"><a class=\"decorated-link cursor-pointer\" rel=\"noopener\" data-start=\"4000\" data-end=\"4026\">info@pinturaschemicoat.com<\/a><\/strong><br data-start=\"4028\" data-end=\"4031\"><strong data-start=\"4034\" data-end=\"4138\">c\/ Font del Cusc\u00f3, 1, Pol. Ind. Estaci\u00f3 Mercaderies, 08720 Vilafranca del Pened\u00e8s, Barcelona, Espa\u00f1a<\/strong><\/p><p data-start=\"4140\" data-end=\"4237\">Aix\u00ed mateix, podeu presentar reclamaci\u00f3 davant l&#8217;Ag\u00e8ncia Espanyola de Protecci\u00f3 de Dades (AEPD).<\/p><h2 data-section-id=\"1amhrft\" data-start=\"4244\" data-end=\"4271\"><span role=\"text\"><strong data-start=\"4247\" data-end=\"4271\">Mesures de Seguretat<\/strong><\/span><\/h2><p data-start=\"4273\" data-end=\"4454\">CHEMICOAT SL ha adoptat les mesures t\u00e8cniques i organitzatives necess\u00e0ries per garantir la seguretat de les dades personals i evitar la seva alteraci\u00f3, p\u00e8rdua o acc\u00e9s no autoritzat.<\/p><h2 data-section-id=\"1u9oggx\" data-start=\"4461\" data-end=\"4511\"><span role=\"text\"><strong data-start=\"4464\" data-end=\"4511\">Modificacions de la Pol\u00edtica de Privadesa<\/strong><\/span><\/h2><p data-start=\"4513\" data-end=\"4648\">CHEMICOAT SL se reserva el derecho de modificar la presente pol\u00edtica para adaptarla a novedades legislativas o cambios en sus procesos.<\/p>\t\t\t\t\t\t\t\t<\/div>\n\t\t\t\t\t<\/div>\n\t\t\t\t<\/div>\n\t\t\t\t<\/div>\n\t\t","protected":false},"excerpt":{"rendered":"<p>Pol\u00edtica de Privadesa i Protecci\u00f3 de Dades Responsable del Tractament Responsable: CHEMICOAT SL NIF: B60918034 Domicili: c\/ Font del Cusc\u00f3, 1, Pol. Ind. Estaci\u00f3 Mercaderies, 08720 Vilafranca del Pened\u00e8s, Barcelona, \u200b\u200bEspanya Adre\u00e7a electr\u00f3nica: info@pinturaschemicoat.com Finalitat del Tractament Les dades personals facilitades per l&#8217;usuari seran tractades amb les finalitats seg\u00fcents: Gestionar sol\u00b7licituds dinformaci\u00f3 o contacte. Atendre [&hellip;]<\/p>\n","protected":false},"author":1,"featured_media":0,"parent":0,"menu_order":0,"comment_status":"closed","ping_status":"closed","template":"","meta":{"footnotes":""},"class_list":["post-498","page","type-page","status-publish","hentry"],"_links":{"self":[{"href":"https:\/\/pinturaschemicoat.com\/ca\/wp-json\/wp\/v2\/pages\/498","targetHints":{"allow":["GET"]}}],"collection":[{"href":"https:\/\/pinturaschemicoat.com\/ca\/wp-json\/wp\/v2\/pages"}],"about":[{"href":"https:\/\/pinturaschemicoat.com\/ca\/wp-json\/wp\/v2\/types\/page"}],"author":[{"embeddable":true,"href":"https:\/\/pinturaschemicoat.com\/ca\/wp-json\/wp\/v2\/users\/1"}],"replies":[{"embeddable":true,"href":"https:\/\/pinturaschemicoat.com\/ca\/wp-json\/wp\/v2\/comments?post=498"}],"version-history":[{"count":1,"href":"https:\/\/pinturaschemicoat.com\/ca\/wp-json\/wp\/v2\/pages\/498\/revisions"}],"predecessor-version":[{"id":499,"href":"https:\/\/pinturaschemicoat.com\/ca\/wp-json\/wp\/v2\/pages\/498\/revisions\/499"}],"wp:attachment":[{"href":"https:\/\/pinturaschemicoat.com\/ca\/wp-json\/wp\/v2\/media?parent=498"}],"curies":[{"name":"wp","href":"https:\/\/api.w.org\/{rel}","templated":true}]}}