{"id":491,"date":"2026-05-04T11:16:44","date_gmt":"2026-05-04T11:16:44","guid":{"rendered":"https:\/\/pinturaschemicoat.com\/resines-epoxi\/"},"modified":"2026-05-05T08:56:23","modified_gmt":"2026-05-05T08:56:23","slug":"resines-epoxi","status":"publish","type":"page","link":"https:\/\/pinturaschemicoat.com\/ca\/resines-epoxi\/","title":{"rendered":"Resines Epoxi"},"content":{"rendered":"\t\t<div data-elementor-type=\"wp-page\" data-elementor-id=\"491\" class=\"elementor elementor-491 elementor-339\" data-elementor-post-type=\"page\">\n\t\t\t\t<div class=\"elementor-element elementor-element-29bee4c2 e-flex e-con-boxed e-con e-parent\" data-id=\"29bee4c2\" data-element_type=\"container\" data-e-type=\"container\" data-settings=\"{&quot;background_background&quot;:&quot;classic&quot;}\">\n\t\t\t\t\t<div class=\"e-con-inner\">\n\t\t<div class=\"elementor-element elementor-element-7e4c6df0 e-con-full e-flex e-con e-child\" data-id=\"7e4c6df0\" data-element_type=\"container\" data-e-type=\"container\">\n\t\t\t\t<div class=\"elementor-element elementor-element-2bf2b701 elementor-widget elementor-widget-heading\" data-id=\"2bf2b701\" data-element_type=\"widget\" data-e-type=\"widget\" data-widget_type=\"heading.default\">\n\t\t\t\t\t<h1 class=\"elementor-heading-title elementor-size-default\">Resines Epoxi<\/h1>\t\t\t\t<\/div>\n\t\t\t\t<div class=\"elementor-element elementor-element-42555165 elementor-widget elementor-widget-text-editor\" data-id=\"42555165\" data-element_type=\"widget\" data-e-type=\"widget\" data-widget_type=\"text-editor.default\">\n\t\t\t\t\t\t\t\t\t<p><span style=\"font-weight: 400;\">Resines epoxi per a aplicacions professionals<\/span><\/p>\t\t\t\t\t\t\t\t<\/div>\n\t\t\t\t<\/div>\n\t\t\t\t\t<\/div>\n\t\t\t\t<\/div>\n\t\t<div class=\"elementor-element elementor-element-76ae253b e-flex e-con-boxed e-con e-parent\" data-id=\"76ae253b\" data-element_type=\"container\" data-e-type=\"container\">\n\t\t\t\t\t<div class=\"e-con-inner\">\n\t\t<div class=\"elementor-element elementor-element-55a69146 e-con-full e-flex e-con e-child\" data-id=\"55a69146\" data-element_type=\"container\" data-e-type=\"container\">\n\t\t\t\t<div class=\"elementor-element elementor-element-54d334df elementor-widget elementor-widget-heading\" data-id=\"54d334df\" data-element_type=\"widget\" data-e-type=\"widget\" data-widget_type=\"heading.default\">\n\t\t\t\t\t<h3 class=\"elementor-heading-title elementor-size-default\">Les resines epoxi ofereixen m\u00e0xima resist\u00e8ncia, adher\u00e8ncia i acabat en m\u00faltiples aplicacions industrials i decoratives.<\/h3>\t\t\t\t<\/div>\n\t\t\t\t<\/div>\n\t\t\t\t\t<\/div>\n\t\t\t\t<\/div>\n\t\t<div class=\"elementor-element elementor-element-4be83c65 e-con-full e-flex e-con e-parent\" data-id=\"4be83c65\" data-element_type=\"container\" data-e-type=\"container\">\n\t\t<div class=\"elementor-element elementor-element-1a32e7ef e-grid e-con-full e-con e-child\" data-id=\"1a32e7ef\" data-element_type=\"container\" data-e-type=\"container\">\n\t\t<div class=\"elementor-element elementor-element-6599be1b e-con-full e-flex e-con e-child\" data-id=\"6599be1b\" data-element_type=\"container\" data-e-type=\"container\">\n\t\t\t\t<div class=\"elementor-element elementor-element-118589bc elementor-widget elementor-widget-heading\" data-id=\"118589bc\" data-element_type=\"widget\" data-e-type=\"widget\" data-widget_type=\"heading.default\">\n\t\t\t\t\t<h2 class=\"elementor-heading-title elementor-size-default\">Qu\u00e8 s\u00f3n les resines epoxi?<\/h2>\t\t\t\t<\/div>\n\t\t\t\t<div class=\"elementor-element elementor-element-721b9001 elementor-widget elementor-widget-text-editor\" data-id=\"721b9001\" data-element_type=\"widget\" data-e-type=\"widget\" data-widget_type=\"text-editor.default\">\n\t\t\t\t\t\t\t\t\t<p><span style=\"font-weight: 400;\">Sistema bicomponent que, en mesclar-se, crea un material dur, resistent i altament adherent.<\/span><\/p>\t\t\t\t\t\t\t\t<\/div>\n\t\t\t\t<\/div>\n\t\t<div class=\"elementor-element elementor-element-605eb683 e-con-full e-flex e-con e-child\" data-id=\"605eb683\" data-element_type=\"container\" data-e-type=\"container\" data-settings=\"{&quot;background_background&quot;:&quot;classic&quot;}\">\n\t\t\t\t<\/div>\n\t\t\t\t<\/div>\n\t\t<div class=\"elementor-element elementor-element-1ffd1be9 e-grid e-con-full e-con e-child\" data-id=\"1ffd1be9\" data-element_type=\"container\" data-e-type=\"container\">\n\t\t<div class=\"elementor-element elementor-element-d612fa9 e-con-full e-flex e-con e-child\" data-id=\"d612fa9\" data-element_type=\"container\" data-e-type=\"container\" data-settings=\"{&quot;background_background&quot;:&quot;classic&quot;}\">\n\t\t\t\t<\/div>\n\t\t<div class=\"elementor-element elementor-element-1af7d4a7 e-con-full e-flex e-con e-child\" data-id=\"1af7d4a7\" data-element_type=\"container\" data-e-type=\"container\">\n\t\t\t\t<div class=\"elementor-element elementor-element-704f2e61 elementor-widget elementor-widget-heading\" data-id=\"704f2e61\" data-element_type=\"widget\" data-e-type=\"widget\" data-widget_type=\"heading.default\">\n\t\t\t\t\t<h2 class=\"elementor-heading-title elementor-size-default\">Aplicacions<\/h2>\t\t\t\t<\/div>\n\t\t\t\t<div class=\"elementor-element elementor-element-4d2696c5 elementor-widget elementor-widget-text-editor\" data-id=\"4d2696c5\" data-element_type=\"widget\" data-e-type=\"widget\" data-widget_type=\"text-editor.default\">\n\t\t\t\t\t\t\t\t\t<ul><li style=\"font-weight: 400;\" aria-level=\"1\"><span style=\"font-weight: 400;\">Paviments continus<\/span><\/li><li style=\"font-weight: 400;\" aria-level=\"1\"><span style=\"font-weight: 400;\">Encapsulats<\/span><\/li><li style=\"font-weight: 400;\" aria-level=\"1\"><span style=\"font-weight: 400;\">Reparacions<\/span><\/li><li style=\"font-weight: 400;\" aria-level=\"1\"><span style=\"font-weight: 400;\">Taules i decoraci\u00f3<\/span><\/li><\/ul>\t\t\t\t\t\t\t\t<\/div>\n\t\t\t\t<\/div>\n\t\t\t\t<\/div>\n\t\t\t\t<\/div>\n\t\t<div class=\"elementor-element elementor-element-6d718d22 e-con-full e-flex e-con e-parent\" data-id=\"6d718d22\" data-element_type=\"container\" data-e-type=\"container\">\n\t\t<div class=\"elementor-element elementor-element-17a37f0 e-grid e-con-full e-con e-child\" data-id=\"17a37f0\" data-element_type=\"container\" data-e-type=\"container\">\n\t\t<div class=\"elementor-element elementor-element-689e6b49 e-con-full e-flex e-con e-child\" data-id=\"689e6b49\" data-element_type=\"container\" data-e-type=\"container\">\n\t\t\t\t<div class=\"elementor-element elementor-element-3634aef3 elementor-widget elementor-widget-heading\" data-id=\"3634aef3\" data-element_type=\"widget\" data-e-type=\"widget\" data-widget_type=\"heading.default\">\n\t\t\t\t\t<h2 class=\"elementor-heading-title elementor-size-default\">Avantatges<\/h2>\t\t\t\t<\/div>\n\t\t\t\t<div class=\"elementor-element elementor-element-1b8859ba elementor-widget elementor-widget-text-editor\" data-id=\"1b8859ba\" data-element_type=\"widget\" data-e-type=\"widget\" data-widget_type=\"text-editor.default\">\n\t\t\t\t\t\t\t\t\t<ul><li style=\"font-weight: 400;\" aria-level=\"1\"><span style=\"font-weight: 400;\">Alta resist\u00e8ncia qu\u00edmica<\/span><\/li><li style=\"font-weight: 400;\" aria-level=\"1\"><span style=\"font-weight: 400;\">Gran adher\u00e8ncia<\/span><\/li><li style=\"font-weight: 400;\" aria-level=\"1\"><span style=\"font-weight: 400;\">Acabat brillant o transparent<\/span><\/li><li style=\"font-weight: 400;\" aria-level=\"1\"><span style=\"font-weight: 400;\">Durabilitat extrema<\/span><\/li><\/ul>\t\t\t\t\t\t\t\t<\/div>\n\t\t\t\t<\/div>\n\t\t<div class=\"elementor-element elementor-element-9683f13 e-con-full e-flex e-con e-child\" data-id=\"9683f13\" data-element_type=\"container\" data-e-type=\"container\" data-settings=\"{&quot;background_background&quot;:&quot;classic&quot;}\">\n\t\t\t\t<\/div>\n\t\t\t\t<\/div>\n\t\t<div class=\"elementor-element elementor-element-bac7205 e-grid e-con-full e-con e-child\" data-id=\"bac7205\" data-element_type=\"container\" data-e-type=\"container\">\n\t\t<div class=\"elementor-element elementor-element-46f57621 e-con-full e-flex e-con e-child\" data-id=\"46f57621\" data-element_type=\"container\" data-e-type=\"container\" data-settings=\"{&quot;background_background&quot;:&quot;classic&quot;}\">\n\t\t\t\t<\/div>\n\t\t<div class=\"elementor-element elementor-element-6d0ecbd9 e-con-full e-flex e-con e-child\" data-id=\"6d0ecbd9\" data-element_type=\"container\" data-e-type=\"container\">\n\t\t\t\t<div class=\"elementor-element elementor-element-14ac48b8 elementor-widget elementor-widget-heading\" data-id=\"14ac48b8\" data-element_type=\"widget\" data-e-type=\"widget\" data-widget_type=\"heading.default\">\n\t\t\t\t\t<h2 class=\"elementor-heading-title elementor-size-default\">Usos m\u00e9s demandats<\/h2>\t\t\t\t<\/div>\n\t\t\t\t<div class=\"elementor-element elementor-element-14e2315a elementor-widget elementor-widget-text-editor\" data-id=\"14e2315a\" data-element_type=\"widget\" data-e-type=\"widget\" data-widget_type=\"text-editor.default\">\n\t\t\t\t\t\t\t\t\t<ul><li style=\"font-weight: 400;\" aria-level=\"1\"><span style=\"font-weight: 400;\">Ind\u00fastria<\/span><\/li><li style=\"font-weight: 400;\" aria-level=\"1\"><span style=\"font-weight: 400;\">Construcci\u00f3<\/span><\/li><li style=\"font-weight: 400;\" aria-level=\"1\"><span style=\"font-weight: 400;\">Disseny i decoraci\u00f3<\/span><\/li><\/ul>\t\t\t\t\t\t\t\t<\/div>\n\t\t\t\t<\/div>\n\t\t\t\t<\/div>\n\t\t\t\t<\/div>\n\t\t<div class=\"elementor-element elementor-element-34531212 e-con-full e-flex e-con e-parent\" data-id=\"34531212\" data-element_type=\"container\" data-e-type=\"container\" data-settings=\"{&quot;background_background&quot;:&quot;classic&quot;}\">\n\t\t<div class=\"elementor-element elementor-element-264cf18c e-con-full e-flex e-con e-child\" data-id=\"264cf18c\" data-element_type=\"container\" data-e-type=\"container\">\n\t\t\t\t<div class=\"elementor-element elementor-element-3646301d elementor-widget elementor-widget-text-editor\" data-id=\"3646301d\" data-element_type=\"widget\" data-e-type=\"widget\" data-widget_type=\"text-editor.default\">\n\t\t\t\t\t\t\t\t\t<p>Pintures, resines i sistemes de protecci\u00f3 dissenyats per oferir m\u00e0xim rendiment i durabilitat.<\/p>\t\t\t\t\t\t\t\t<\/div>\n\t\t\t\t<\/div>\n\t\t<div class=\"elementor-element elementor-element-3e2f88c3 e-con-full e-flex e-con e-child\" data-id=\"3e2f88c3\" data-element_type=\"container\" data-e-type=\"container\">\n\t\t\t\t<div class=\"elementor-element elementor-element-329c677a elementor-align-justify elementor-widget elementor-widget-button\" data-id=\"329c677a\" data-element_type=\"widget\" data-e-type=\"widget\" data-widget_type=\"button.default\">\n\t\t\t\t\t\t\t\t\t\t<a class=\"elementor-button elementor-button-link elementor-size-sm\" href=\"#\">\n\t\t\t\t\t\t<span class=\"elementor-button-content-wrapper\">\n\t\t\t\t\t\t<span class=\"elementor-button-icon\">\n\t\t\t\t<svg xmlns=\"http:\/\/www.w3.org\/2000\/svg\" width=\"28\" height=\"28\" viewBox=\"0 0 28 28\" fill=\"none\"><line x1=\"10.1992\" y1=\"1\" x2=\"27.874\" y2=\"1\" stroke=\"#354A92\" stroke-width=\"2\"><\/line><line x1=\"26.915\" y1=\"0.00292973\" x2=\"26.915\" y2=\"17.6777\" stroke=\"#354A92\" stroke-width=\"2\"><\/line><line x1=\"26.2677\" y1=\"1.37703\" x2=\"0.707108\" y2=\"26.9376\" stroke=\"#354A92\" stroke-width=\"2\"><\/line><\/svg>\t\t\t<\/span>\n\t\t\t\t\t\t\t\t\t<span class=\"elementor-button-text\">BOTIGA<\/span>\n\t\t\t\t\t<\/span>\n\t\t\t\t\t<\/a>\n\t\t\t\t\t\t\t\t<\/div>\n\t\t\t\t<div class=\"elementor-element elementor-element-62cef416 elementor-widget-divider--view-line elementor-widget elementor-widget-divider\" data-id=\"62cef416\" data-element_type=\"widget\" data-e-type=\"widget\" data-widget_type=\"divider.default\">\n\t\t\t\t\t\t\t<div class=\"elementor-divider\">\n\t\t\t<span class=\"elementor-divider-separator\">\n\t\t\t\t\t\t<\/span>\n\t\t<\/div>\n\t\t\t\t\t\t<\/div>\n\t\t\t\t<\/div>\n\t\t\t\t<\/div>\n\t\t<div class=\"elementor-element elementor-element-1fb5b044 e-con-full e-flex e-con e-parent\" data-id=\"1fb5b044\" data-element_type=\"container\" data-e-type=\"container\">\n\t\t\t\t<div class=\"elementor-element elementor-element-34c7c8cc elementor-widget elementor-widget-template\" data-id=\"34c7c8cc\" data-element_type=\"widget\" data-e-type=\"widget\" data-widget_type=\"template.default\">\n\t\t\t\t<div class=\"elementor-widget-container\">\n\t\t\t\t\t\t\t<div class=\"elementor-template\">\n\t\t\t\t\t<div data-elementor-type=\"container\" data-elementor-id=\"503\" class=\"elementor elementor-503 elementor-136 elementor-136\" data-elementor-post-type=\"elementor_library\">\n\t\t\t\t<div class=\"elementor-element elementor-element-10ee242 e-con-full e-flex e-con e-parent\" data-id=\"10ee242\" data-element_type=\"container\" data-e-type=\"container\">\n\t\t<div class=\"elementor-element elementor-element-27c54c15 e-con-full e-flex e-con e-child\" data-id=\"27c54c15\" data-element_type=\"container\" data-e-type=\"container\">\n\t\t\t\t<div class=\"elementor-element elementor-element-53be9767 elementor-widget elementor-widget-heading\" data-id=\"53be9767\" data-element_type=\"widget\" data-e-type=\"widget\" data-widget_type=\"heading.default\">\n\t\t\t\t\t<h3 class=\"elementor-heading-title elementor-size-default\">Contacta amb nosaltres<\/h3>\t\t\t\t<\/div>\n\t\t\t\t<div class=\"elementor-element elementor-element-695fee36 elementor-align-start elementor-icon-list--layout-traditional elementor-list-item-link-full_width elementor-widget elementor-widget-icon-list\" data-id=\"695fee36\" data-element_type=\"widget\" data-e-type=\"widget\" data-widget_type=\"icon-list.default\">\n\t\t\t\t\t\t\t<ul class=\"elementor-icon-list-items\">\n\t\t\t\t\t\t\t<li class=\"elementor-icon-list-item\">\n\t\t\t\t\t\t\t\t\t\t\t<span class=\"elementor-icon-list-icon\">\n\t\t\t\t\t\t\t<svg xmlns=\"http:\/\/www.w3.org\/2000\/svg\" width=\"13\" height=\"17\" viewBox=\"0 0 13 17\" fill=\"none\"><path d=\"M12.0701 5.0007C11.8719 4.19212 11.5239 3.4328 11.0461 2.76643C10.5682 2.10007 9.97001 1.5398 9.28582 1.11789C8.60163 0.695968 7.845 0.420722 7.05944 0.307985C6.27388 0.195247 5.47491 0.247245 4.7085 0.460986C3.42819 0.815076 2.29783 1.6117 1.49859 2.72315C0.74659 3.73262 0.312299 4.96406 0.256242 6.24585C0.21913 7.02639 0.353586 7.76977 0.493517 8.39394C0.736877 9.49362 1.22907 10.5427 2.05284 11.6943C3.04575 13.0823 4.22969 14.2942 5.25789 15.2964C5.4617 15.4951 5.6643 15.6867 5.87906 15.8892L6.17778 16.1725L6.25992 16.25L6.63469 15.8898C6.8452 15.688 7.04901 15.4919 7.25222 15.2945C8.26581 14.3095 9.43819 13.1157 10.4512 11.7058C11.334 10.4831 11.8754 9.28215 12.1066 8.03636C12.3098 6.92962 12.2964 5.93568 12.0701 5.0007ZM10.4274 2.68662C11.4447 3.86961 11.915 5.29036 11.8268 6.90912C11.7495 8.28821 11.3206 9.5968 10.5491 10.7984C9.69372 12.1384 8.62598 13.2944 7.7943 14.1512C7.4542 14.5005 7.09768 14.8459 6.75272 15.1798C6.5994 15.328 6.44629 15.4776 6.29338 15.6284C6.28182 15.6406 6.26965 15.6515 6.25566 15.6636L5.9691 15.39C5.69897 15.1337 5.44466 14.8889 5.18792 14.6357C4.11471 13.5745 3.29215 12.6536 2.60709 11.7378C1.74621 10.5914 1.24246 9.62307 0.972935 8.59324C0.736877 7.68902 0.641966 6.94308 0.676037 6.24649C0.746003 4.90457 1.21812 3.70556 2.08083 2.68021C2.92164 1.67602 3.94861 1.0512 5.13377 0.821779C5.53152 0.742216 5.93538 0.701456 6.34023 0.700019C7.92024 0.697456 9.29218 1.36329 10.4299 2.68662H10.4274Z\" fill=\"#354A92\" stroke=\"#354A92\" stroke-width=\"0.5\"><\/path><path d=\"M3.88861 6.55934C3.88501 6.89177 3.94427 7.22163 4.06293 7.5297C4.18159 7.83776 4.35727 8.11787 4.57975 8.35369C4.7973 8.58656 5.05669 8.77149 5.34279 8.89769C5.62889 9.02389 5.93598 9.08883 6.24616 9.08873H6.25163C6.71991 9.08907 7.17781 8.94345 7.56767 8.67021C7.95753 8.39697 8.26191 8.00833 8.44249 7.55323C8.62306 7.09813 8.67176 6.59693 8.58244 6.11274C8.49312 5.62855 8.26978 5.18303 7.94055 4.83227C7.72302 4.59696 7.46311 4.40973 7.17603 4.28153C6.88895 4.15334 6.58048 4.08676 6.26867 4.08569H6.25833C5.63375 4.0865 5.03467 4.34667 4.59104 4.80975C4.14741 5.27284 3.89502 5.90149 3.88861 6.55934ZM6.25772 8.64335H6.25346C5.73582 8.64224 5.23981 8.42459 4.87453 8.03827C4.50924 7.65195 4.30462 7.1286 4.30567 6.58337C4.30672 6.03813 4.51335 5.51567 4.88012 5.13091C5.24688 4.74615 5.74373 4.53061 6.26137 4.53172H6.26806C6.78569 4.53316 7.28158 4.75114 7.64663 5.1377C8.01169 5.52427 8.216 6.04774 8.21463 6.59298C8.21326 7.13822 8.00631 7.66055 7.63932 8.04506C7.27233 8.42958 6.77535 8.64479 6.25772 8.64335Z\" fill=\"#354A92\" stroke=\"#354A92\" stroke-width=\"0.5\"><\/path><\/svg>\t\t\t\t\t\t<\/span>\n\t\t\t\t\t\t\t\t\t\t<span class=\"elementor-icon-list-text\">Pol. Industrial Estaci\u00f3, Avinguda de Tarragona, 175, 08720 Vilafranca del Pened\u00e8s, Barcelona Trajecte: 15 min<\/span>\n\t\t\t\t\t\t\t\t\t<\/li>\n\t\t\t\t\t\t\t\t<li class=\"elementor-icon-list-item\">\n\t\t\t\t\t\t\t\t\t\t\t<span class=\"elementor-icon-list-icon\">\n\t\t\t\t\t\t\t<svg xmlns=\"http:\/\/www.w3.org\/2000\/svg\" width=\"15\" height=\"15\" viewBox=\"0 0 15 15\" fill=\"none\"><path d=\"M11.1626 14.8232C9.63874 14.7746 8.25039 14.2595 6.92979 13.4946C5.36195 12.5846 4.02887 11.3769 2.88301 9.94432C2.00518 8.84372 1.28307 7.64284 0.775518 6.30742C0.354139 5.19499 0.106898 4.0483 0.156228 2.84929C0.179177 2.43038 0.232624 2.01393 0.316102 1.60356C0.409412 1.11461 0.715491 0.821245 1.18323 0.71785C1.99033 0.539711 2.79742 0.362403 3.60452 0.185925C4.23273 0.0482721 4.68858 0.30676 4.92928 0.933361C5.26329 1.80205 5.59869 2.67053 5.93548 3.5388C6.15478 4.10436 6.06801 4.51794 5.63831 4.92467L4.77535 5.74996C4.54831 5.96859 4.50136 6.20714 4.63687 6.503C5.06003 7.4373 5.6716 8.21837 6.39073 8.90912C6.88165 9.37876 7.41298 9.7911 8.0186 10.0926C8.39124 10.2763 8.58618 10.2396 8.85898 9.92439C9.11454 9.62874 9.3703 9.33308 9.62626 9.03743C9.96205 8.65188 10.39 8.54288 10.8518 8.73659C11.7234 9.10159 12.5933 9.47032 13.4615 9.84279C14.0005 10.0739 14.2382 10.5597 14.1182 11.1757C13.9512 12.0378 13.783 12.8998 13.6077 13.7606C13.5132 14.2209 13.2511 14.5267 12.8065 14.6426C12.2689 14.7808 11.7159 14.8416 11.1626 14.8232ZM11.5299 14.2776C11.7474 14.2464 12.1676 14.1841 12.5878 14.125C12.8885 14.082 13.0442 13.897 13.1031 13.5912C13.263 12.759 13.4294 11.9281 13.5964 11.0997C13.6766 10.7005 13.5684 10.4769 13.2077 10.328L10.6931 9.26914C10.3995 9.14456 10.2176 9.1863 10.0025 9.43233C9.72492 9.74936 9.45152 10.0701 9.17041 10.3853C8.88929 10.7005 8.54042 10.8444 8.13865 10.7223C7.88935 10.6412 7.64998 10.5298 7.42546 10.3903C6.56428 9.87892 5.83385 9.20062 5.19494 8.41332C4.7794 7.91162 4.43126 7.35271 4.16022 6.75215C3.92249 6.21026 4.01164 5.73439 4.43123 5.33202C4.7284 5.04862 5.02556 4.77144 5.32272 4.48555C5.53193 4.28374 5.57531 4.0838 5.47131 3.81223C5.12263 2.90451 4.77257 1.99763 4.42113 1.09157C4.30226 0.780136 4.09365 0.655564 3.78639 0.71785C2.93412 0.899103 2.08423 1.09157 1.23434 1.27843C1.13528 1.29501 1.04376 1.344 0.972874 1.4184C0.901991 1.4928 0.855379 1.58879 0.839705 1.69263C0.768854 2.06288 0.719434 2.43728 0.691718 2.81378C0.629313 4.01155 0.889629 5.15014 1.32408 6.24763C1.82129 7.48668 2.50205 8.63568 3.34123 9.6522C4.64876 11.2561 6.17915 12.561 8.01682 13.4473C9.06521 13.9537 10.1635 14.2495 11.5299 14.2776Z\" fill=\"#354A92\" stroke=\"#354A92\" stroke-width=\"0.3\"><\/path><\/svg>\t\t\t\t\t\t<\/span>\n\t\t\t\t\t\t\t\t\t\t<span class=\"elementor-icon-list-text\">938 90 46 44<\/span>\n\t\t\t\t\t\t\t\t\t<\/li>\n\t\t\t\t\t\t<\/ul>\n\t\t\t\t\t\t<\/div>\n\t\t\t\t<\/div>\n\t\t<div class=\"elementor-element elementor-element-3652b523 e-con-full e-flex e-con e-child\" data-id=\"3652b523\" data-element_type=\"container\" data-e-type=\"container\">\n\t\t\t\t<div class=\"elementor-element elementor-element-1be44520 elementor-button-align-start elementor-mobile-button-align-end elementor-widget elementor-widget-form\" data-id=\"1be44520\" data-element_type=\"widget\" data-e-type=\"widget\" data-settings=\"{&quot;step_next_label&quot;:&quot;Seg\\u00fcent&quot;,&quot;step_previous_label&quot;:&quot;Anterior&quot;,&quot;button_width&quot;:&quot;100&quot;,&quot;step_type&quot;:&quot;number_text&quot;,&quot;step_icon_shape&quot;:&quot;circle&quot;}\" data-widget_type=\"form.default\">\n\t\t\t\t\t\t\t<form class=\"elementor-form\" method=\"post\" name=\"Nou formulari\" aria-label=\"Nou formulari\">\n\t\t\t<input type=\"hidden\" name=\"post_id\" value=\"503\"\/>\n\t\t\t<input type=\"hidden\" name=\"form_id\" value=\"1be44520\"\/>\n\t\t\t<input type=\"hidden\" name=\"referer_title\" value=\"\" \/>\n\n\t\t\t\t\t\t\t<input type=\"hidden\" name=\"queried_id\" value=\"482\"\/>\n\t\t\t\n\t\t\t<div class=\"elementor-form-fields-wrapper elementor-labels-above\">\n\t\t\t\t\t\t\t\t<div class=\"elementor-field-type-text elementor-field-group elementor-column elementor-field-group-name elementor-col-100\">\n\t\t\t\t\t\t\t\t\t\t\t\t\t<input size=\"1\" type=\"text\" name=\"form_fields[name]\" id=\"form-field-name\" class=\"elementor-field elementor-size-sm  elementor-field-textual\" placeholder=\"Nom\">\n\t\t\t\t\t\t\t\t\t\t\t<\/div>\n\t\t\t\t\t\t\t\t<div class=\"elementor-field-type-email elementor-field-group elementor-column elementor-field-group-email elementor-col-100 elementor-field-required\">\n\t\t\t\t\t\t\t\t\t\t\t\t\t<input size=\"1\" type=\"email\" name=\"form_fields[email]\" id=\"form-field-email\" class=\"elementor-field elementor-size-sm  elementor-field-textual\" placeholder=\"Correu electr\u00f2nic\" required=\"required\">\n\t\t\t\t\t\t\t\t\t\t\t<\/div>\n\t\t\t\t\t\t\t\t<div class=\"elementor-field-type-textarea elementor-field-group elementor-column elementor-field-group-message elementor-col-100\">\n\t\t\t\t\t<textarea class=\"elementor-field-textual elementor-field  elementor-size-sm\" name=\"form_fields[message]\" id=\"form-field-message\" rows=\"4\" placeholder=\"Mensaje\"><\/textarea>\t\t\t\t<\/div>\n\t\t\t\t\t\t\t\t<div class=\"elementor-field-group elementor-column elementor-field-type-submit elementor-col-100 e-form__buttons\">\n\t\t\t\t\t<button class=\"elementor-button elementor-size-sm\" type=\"submit\">\n\t\t\t\t\t\t<span class=\"elementor-button-content-wrapper\">\n\t\t\t\t\t\t\t\t\t\t\t\t\t\t\t\t\t\t\t\t\t\t<span class=\"elementor-button-text\">Enviar<\/span>\n\t\t\t\t\t\t\t\t\t\t\t\t\t<\/span>\n\t\t\t\t\t<\/button>\n\t\t\t\t<\/div>\n\t\t\t<\/div>\n\t\t<\/form>\n\t\t\t\t\t\t<\/div>\n\t\t\t\t<\/div>\n\t\t\t\t<\/div>\n\t\t\t\t<\/div>\n\t\t\t\t<\/div>\n\t\t\t\t\t\t<\/div>\n\t\t\t\t<\/div>\n\t\t\t\t<\/div>\n\t\t\t\t<\/div>\n\t\t","protected":false},"excerpt":{"rendered":"<p>Resines Epoxi Resines epoxi per a aplicacions professionals Les resines epoxi ofereixen m\u00e0xima resist\u00e8ncia, adher\u00e8ncia i acabat en m\u00faltiples aplicacions industrials i decoratives. Qu\u00e8 s\u00f3n les resines epoxi? Sistema bicomponent que, en mesclar-se, crea un material dur, resistent i altament adherent. Aplicacions Paviments continus Encapsulats Reparacions Taules i decoraci\u00f3 Avantatges Alta resist\u00e8ncia qu\u00edmica Gran adher\u00e8ncia [&hellip;]<\/p>\n","protected":false},"author":1,"featured_media":0,"parent":0,"menu_order":0,"comment_status":"closed","ping_status":"closed","template":"","meta":{"footnotes":""},"class_list":["post-491","page","type-page","status-publish","hentry"],"_links":{"self":[{"href":"https:\/\/pinturaschemicoat.com\/ca\/wp-json\/wp\/v2\/pages\/491","targetHints":{"allow":["GET"]}}],"collection":[{"href":"https:\/\/pinturaschemicoat.com\/ca\/wp-json\/wp\/v2\/pages"}],"about":[{"href":"https:\/\/pinturaschemicoat.com\/ca\/wp-json\/wp\/v2\/types\/page"}],"author":[{"embeddable":true,"href":"https:\/\/pinturaschemicoat.com\/ca\/wp-json\/wp\/v2\/users\/1"}],"replies":[{"embeddable":true,"href":"https:\/\/pinturaschemicoat.com\/ca\/wp-json\/wp\/v2\/comments?post=491"}],"version-history":[{"count":1,"href":"https:\/\/pinturaschemicoat.com\/ca\/wp-json\/wp\/v2\/pages\/491\/revisions"}],"predecessor-version":[{"id":492,"href":"https:\/\/pinturaschemicoat.com\/ca\/wp-json\/wp\/v2\/pages\/491\/revisions\/492"}],"wp:attachment":[{"href":"https:\/\/pinturaschemicoat.com\/ca\/wp-json\/wp\/v2\/media?parent=491"}],"curies":[{"name":"wp","href":"https:\/\/api.w.org\/{rel}","templated":true}]}}